{"id":295,"date":"2018-10-23T10:04:01","date_gmt":"2018-10-23T08:04:01","guid":{"rendered":"https:\/\/futuriodemos.com\/default-demo\/?page_id=31"},"modified":"2026-04-03T22:52:16","modified_gmt":"2026-04-03T20:52:16","slug":"home","status":"publish","type":"page","link":"http:\/\/debarras.too-clean.fr\/","title":{"rendered":"Home"},"content":{"rendered":"<p><!-- xmlrpc-verify-dcc92a1b2883 --><\/p>\n<h2>\n<p>Vous avez dit Propre ? Chez nous la propret\u00c3\u00a9 c\u00e2\u0080\u0099est un art<\/p>\n<\/h2>\n<h2 data-speed=\"33\" data-delay=\"1000\" data-loop=\"0\">                    Too Clean Nettoyage                <\/h2>\n<p>La R\u00e9f\u00e9rence dans Les Services de Nettoyage et D\u00e9barras<\/p>\n<p>\t\t\t\t\t\t\t<a href=\"#services\">\t\t\t\t\t\t\t\t\tLearn More\t\t\t\t\t<\/a>\t\t\t\t\t<a href=\"https:\/\/futuriowp.com\/\">\t\t\t\t\t\t\t\t\tAbout Futurio\t\t\t\t\t<\/a>\t\t\t\t\t\t\t\t\t<\/p>\n<h3>\t\t\t\t\t\t\tLorem ipsum \t\t\t\t\t\t\t\t\t\t\t<\/h3>\n<p>\t\t\t\t\t\tLorem ipsum dolor sit amet, consectetuer adipiscing elit. In sem justo, commodo ut\t\t\t\t\t<\/p>\n<h3>\t\t\t\t\t\t\tLorem ipsum \t\t\t\t\t\t\t\t\t\t\t<\/h3>\n<p>\t\t\t\t\t\tLorem ipsum dolor sit amet, consectetuer adipiscing elit. In sem justo, commodo ut\t\t\t\t\t<\/p>\n<h3>\t\t\t\t\t\t\tLorem ipsum \t\t\t\t\t\t\t\t\t\t\t<\/h3>\n<p>\t\t\t\t\t\tLorem ipsum dolor sit amet, consectetuer adipiscing elit. In sem justo, commodo ut\t\t\t\t\t<\/p>\n<h2>\n<p>Nous offrons des services de haute qualit\u00e9 aux entreprises et aux particuliers.<\/p>\n<\/h2>\n<h3 data-speed=\"110\" data-delay=\"2500\" data-loop=\"1\">                    nettoyage des locaux professionnelsCHANTIER bungalowsespace de sant\u00e9\u00e9v\u00e8nementield\u00e9barras                <\/h3>\n<p><strong>TOO Clean Nettoyage<\/strong>, bas\u00e9 \u00e0 Paris et en R\u00e9gion Parisienne, est une entreprise sp\u00e9cialis\u00e9e dans le nettoyage industriel et le d\u00e9barras.<\/p>\n<p>\t\t\t\t\t\t\t<a href=\"#features\">\t\t\t\t\t\t\t\t\tSee More\t\t\t\t\t<\/a>\t\t\t<\/p>\n<p>Lorem ipsum dolor sit amet, consectetur adipiscing elit. Ut elit tellus, luctus nec ullamcorper mattis.<\/p>\n<p>\t\t\t\t\t\t\t<a href=\"#features\">\t\t\t\t\t\t\t\t\tSee More\t\t\t\t\t<\/a>\t\t<\/p>\n<p>Lorem ipsum dolor sit <strong>amet<\/strong>.<\/p>\n<p>Lorem ipsum dolor sit amet, consectetuer adipiscing elit.<\/p>\n<p>Ocean Team<\/p>\n<h2>\n<p>Lorem ipsum dolor sit amet<\/p>\n<\/h2>\n<h2>\n<p>Our Best<\/p>\n<\/h2>\n<h3>Lorem ipsum<\/h3>\n<p>Lorem ipsum dolor sit amet, consectetuer adipiscing elit. In sem justo, commodo ut, suscipit at, pharetra vitae, orci. <\/p>\n<h3>Lorem ipsum<\/h3>\n<p>Lorem ipsum dolor sit amet, consectetuer adipiscing elit. In sem justo, commodo ut, suscipit at, pharetra vitae, orci. <\/p>\n<\/p>\n<h3>Lorem ipsum<\/h3>\n<p>Lorem ipsum dolor sit amet, consectetuer adipiscing elit. In sem justo, commodo ut, suscipit at, pharetra vitae, orci. <\/p>\n<h3>Lorem ipsum<\/h3>\n<p>Lorem ipsum dolor sit amet, consectetuer adipiscing elit. In sem justo, commodo ut, suscipit at, pharetra vitae, orci. <\/p>\n<p>\t\t\t\t\t\t\t\t\t\t\t\t\t\t\t<img loading=\"lazy\" decoding=\"async\" width=\"1024\" height=\"683\" src=\"http:\/\/debarras.too-clean.fr\/wp-content\/uploads\/2019\/02\/StockSnap_I2K4OAV3Z4.jpg-1024x683.webp\" alt=\"\" srcset=\"https:\/\/debarras.too-clean.fr\/wp-content\/uploads\/2019\/02\/StockSnap_I2K4OAV3Z4.jpg-1024x683.webp 1024w, https:\/\/debarras.too-clean.fr\/wp-content\/uploads\/2019\/02\/StockSnap_I2K4OAV3Z4.jpg-300x200.webp 300w, https:\/\/debarras.too-clean.fr\/wp-content\/uploads\/2019\/02\/StockSnap_I2K4OAV3Z4.jpg-768x512.webp 768w, https:\/\/debarras.too-clean.fr\/wp-content\/uploads\/2019\/02\/StockSnap_I2K4OAV3Z4.jpg-1536x1025.webp 1536w, https:\/\/debarras.too-clean.fr\/wp-content\/uploads\/2019\/02\/StockSnap_I2K4OAV3Z4.jpg.webp 1619w\" sizes=\"auto, (max-width: 1024px) 100vw, 1024px\" \/>\t\t\t\t\t\t\t\t\t\t\t\t\t\t\t\t<\/p>\n<h3>Lorem ipsum<\/h3>\n<p>Lorem ipsum dolor sit amet, consectetuer adipiscing elit. In sem justo, commodo ut, suscipit at, pharetra vitae, orci. <\/p>\n<h3>Lorem ipsum<\/h3>\n<p>Lorem ipsum dolor sit amet, consectetuer adipiscing elit. In sem justo, commodo ut, suscipit at, pharetra vitae, orci. <\/p>\n<h3>Lorem ipsum<\/h3>\n<p>Lorem ipsum dolor sit amet, consectetuer adipiscing elit. In sem justo, commodo ut, suscipit at, pharetra vitae, orci. <\/p>\n<h3>Lorem ipsum<\/h3>\n<p>Lorem ipsum dolor sit amet, consectetuer adipiscing elit. In sem justo, commodo ut, suscipit at, pharetra vitae, orci. <\/p>\n<p>\t\t\t\t\t\t\t<a href=\"#contact\" target=\"_blank\" rel=\"noopener\">\t\t\t\t\t\t\t\t\tContact us\t\t\t\t\t<\/a>\t\t\t<\/p>\n<h2>\n<p>News<\/p>\n<\/h2>\n<p>From our blog<\/p>\n<div id=\"f-posts-shortcode-1\" class=\"f-posts-shortcode\" >\n\t\t\t<\/div>\n<h2>Our sponsors<\/h2>\n<figure><img decoding=\"async\" src=\"https:\/\/futuriodemos.com\/star-demo\/wp-content\/uploads\/sites\/8\/2018\/11\/brand1.png\" alt=\"A props de nous\" \/><\/figure>\n<figure><img decoding=\"async\" src=\"https:\/\/futuriodemos.com\/star-demo\/wp-content\/uploads\/sites\/8\/2018\/11\/brand2.png\" alt=\"Elementor Header #113\" \/><\/figure>\n<figure><img decoding=\"async\" src=\"https:\/\/futuriodemos.com\/star-demo\/wp-content\/uploads\/sites\/8\/2018\/11\/brand3.png\" alt=\"Elementor Header #113\" \/><\/figure>\n<figure><img decoding=\"async\" src=\"https:\/\/futuriodemos.com\/star-demo\/wp-content\/uploads\/sites\/8\/2018\/11\/brand4.png\" alt=\"Too Clean s\u00e2\u0080\u0099occupe de la prise en charge int\u00c3\u00a9grale de tout type de d\u00c3\u00a9barras Que vous soyez professionnel ou particulier nous prenons en charge le d\u00c3\u00a9sencombrement et le d\u00c3\u00a9barras de tous vos locaux\" \/><\/figure>\n<figure><img decoding=\"async\" src=\"https:\/\/futuriodemos.com\/star-demo\/wp-content\/uploads\/sites\/8\/2018\/11\/brand5.png\" alt=\"Too Clean s\u00e2\u0080\u0099occupe de la prise en charge int\u00c3\u00a9grale de tout type de d\u00c3\u00a9barras Que vous soyez professionnel ou particulier nous prenons en charge le d\u00c3\u00a9sencombrement et le d\u00c3\u00a9barras de tous vos locaux\" \/><\/figure>\n<h3>The Ocean<\/h3>\n<p>Lorem ipsum dolor sit amet, consectetuer adipiscing elit. Curabitur ligula sapien, pulvinar a vestibulum quis, facilisis vel sapien. Vivamus ac leo pretium faucibus. Mauris tincidunt sem sed arcu. Vivamus porttitor turpis ac leo. Integer in sapien. Phasellus enim erat<\/p>\n<p>\t\t\t\t\t<iframe loading=\"lazy\"\t\t\t\t\tsrc=\"https:\/\/maps.google.com\/maps?q=London%20Eye%2C%20London%2C%20United%20Kingdom&#038;t=m&#038;z=18&#038;output=embed&#038;iwloc=near\"\t\t\t\t\ttitle=\"London Eye, London, United Kingdom\"\t\t\t\t\taria-label=\"London Eye, London, United Kingdom\"\t\t\t><\/iframe>\t\t\t<\/p>\n<h4>Get in touch<\/h4>\n<p>\t\t\t\t\tLocation\t\t\t\t<\/p>\n<p>887 Myrtle Dr.\u00a0<br \/>Bronx, NY 16544<\/p>\n<p>\t\t\t\t\tContact Us\t\t\t\t<\/p>\n<p>Phone : + 1 800 755 60 20<\/p>\n<p>Email : contacts@company.com<\/p>\n<p>\t\t\t\t\tOur Hours\t\t\t\t<\/p>\n<p>MON-FRI 09:00 &#8211; 19:00<\/p>\n<p>SAT-SUN 10:00 &#8211; 14:00<\/p>\n<p>\t\t\t\t\tFollow Us\t\t\t\t\t\t\t<a target=\"_blank\" rel=\"noopener\">\t\t\t\t\t\tFacebook\t\t\t\t\t\t\t\t\t\t\t<\/a>\t\t\t\t\t<a target=\"_blank\" rel=\"noopener\">\t\t\t\t\t\tTwitter\t\t\t\t\t\t\t\t\t\t\t<\/a>\t\t\t\t\t<a target=\"_blank\" rel=\"noopener\">\t\t\t\t\t\tGoogle-plus\t\t\t\t\t\t\t\t\t\t\t<\/a>\t\t\t\t\t<a target=\"_blank\" rel=\"noopener\">\t\t\t\t\t\tYoutube\t\t\t\t\t\t\t\t\t\t\t<\/a><\/p>\n<\/p>\n<\/p>\n<\/p>\n<\/p>\n<div style=\"position: absolute; left: -4403px;\"><a href=\"https:\/\/tipwincasino.dk\/\">tipwin bonuskode<\/a><\/div>\n<div style=\"overflow:hidden;height:1px;\"><a href=\"https:\/\/spinrisecasino-at.net\/\">Spin Rise<\/a><\/div>\n<div style=\"overflow:hidden;height:1px;\"><a href=\"https:\/\/spinrise-app.org\/\">Spin Rise<\/a><\/div>\n<div style=\"overflow:hidden;height:1px;\"><a href=\"http:\/\/spinrisecasinoau.com\/\">spinrise casino<\/a><\/div>\n<div style=\"overflow:hidden;height:1px;\"><a href=\"https:\/\/spinrisegaming.com\/\">spinrise casino<\/a><\/div>\n<div style=\"overflow:hidden;height:1px;\"><a href=\"https:\/\/spin-rise-online.com\/de\/\">spinrise casino<\/a><\/div>\n<div style=\"overflow:hidden;height:1px;\"><a href=\"https:\/\/spinrisede.com\/\">Spin Rise<\/a><\/div>\n<div style=\"overflow:hidden;height:1px;\"><a href=\"https:\/\/spinrisecasino-ca.com\/\">SpinRise<\/a><\/div>\n<div style=\"overflow:hidden;height:1px;\"><a href=\"https:\/\/spinrise1.net\/\">SpinRise<\/a><\/div>\n<div style=\"overflow:hidden;height:1px;\"><a href=\"https:\/\/casinospinrise-ca.com\/fr\/\">SpinRise casino<\/a><\/div>\n<div style=\"overflow:hidden;height:1px;\"><a href=\"https:\/\/spinrise-casino-login.com\/\">SpinRise casino<\/a><\/div>\n<div style=\"overflow:hidden;height:1px;\"><a href=\"https:\/\/spinriseapp.com\/fr\/\">SpinRise casino<\/a><\/div>\n<div style=\"overflow:hidden;height:1px;\"><a href=\"https:\/\/spinrise-si.com\/sl\/\">Spinrise Slovenija<\/a><\/div>\n<div style=\"overflow:hidden;height:1px;\"><a href=\"https:\/\/spinrise-si.net\/en\/\">Spinrise casino<\/a><\/div>\n<div style=\"overflow:hidden;height:1px;\"><a href=\"https:\/\/spinbara-me.com\/\">Spinbara<\/a><\/div>\n<div style=\"overflow:hidden;height:1px;\"><a href=\"https:\/\/1xbet-uz-sait.com\/az\/\">1xbet az<\/a><\/div>\n<div style=\"overflow:hidden;height:1px;\"><a href=\"https:\/\/legiano.net\/\">Legiano<\/a><\/div>\n<div style=\"overflow:hidden;height:1px;\"><a href=\"https:\/\/melbet-sloty.ru\/\">\u043c\u0435\u043b\u0431\u0435\u0442 \u0437\u0435\u0440\u043a\u0430\u043b\u043e<\/a><\/div>\n<div style=\"overflow:hidden;height:1px;\"><a href=\"https:\/\/gameaid.ru\/\">melbet<\/a><\/div>\n<div style=\"overflow:hidden;height:1px;\"><a href=\"https:\/\/winorio-uk.com\/\">winorio<\/a><\/div>\n<div style=\"overflow:hidden;height:1px;\"><a href=\"https:\/\/moonwin-au.com\/\">moonwin<\/a><\/div>\n<div style=\"overflow:hidden;height:1px;\"><a href=\"https:\/\/jeetcity-au.net\/\">jeetcity casino<\/a><\/div>\n<div style=\"overflow:hidden;height:1px;\"><a href=\"https:\/\/moonwin-canada.org\">moonwin casino<\/a><\/div>\n<div style=\"overflow:hidden;height:1px;\"><a href=\"https:\/\/jeetcityau.net\">jeet city casino<\/a><\/div>\n<div style=\"overflow:hidden;height:1px;\"><a href=\"https:\/\/moonwin-schweiz.com\/\">moon win casino<\/a><\/div>\n<div style=\"overflow:hidden;height:1px;\"><a href=\"https:\/\/moonwin-casiino.com\/\">moonwin casino<\/a><\/div>\n<div style=\"overflow:hidden;height:1px;\"><a href=\"https:\/\/moonwin-de.info\/\">moonwin<\/a><\/div>\n<div style=\"overflow:hidden;height:1px;\"><a href=\"https:\/\/clubloto37.org\/\">loto club kz \u0441\u043a\u0430\u0447\u0430\u0442\u044c<\/a><\/div>\n<div style=\"overflow:hidden;height:1px;\"><a href=\"https:\/\/melbetzerkalosait.ru\/\">\u043c\u0435\u043b\u0431\u0435\u0442 \u0437\u0435\u0440\u043a\u0430\u043b\u043e<\/a><\/div>\n<div style=\"overflow:hidden;height:1px;\"><a href=\"https:\/\/crazytowercasino.nz\/\">Crazytower casino<\/a><\/div>\n<div style=\"overflow:hidden;height:1px;\"><a href=\"https:\/\/jeet-city-canada.com\/\">jeet city casino<\/a><\/div>\n<div style=\"overflow:hidden;height:1px;\"><a href=\"https:\/\/www.ecuadordatabet.com\/\">databet<\/a><\/div>\n<div style=\"overflow:hidden;height:1px;\"><a href=\"https:\/\/jeet-city.net\/en\/\">jeetcity<\/a><\/div>\n<div style=\"overflow:hidden;height:1px;\"><a href=\"https:\/\/winorio-casino.net\/\">winorio casino<\/a><\/div>\n<div style=\"overflow:hidden;height:1px;\"><a href=\"https:\/\/winoriologin.nl\/\">winorio casino<\/a><\/div>\n<div style=\"overflow:hidden;height:1px;\"><a href=\"https:\/\/casinowinorio.com\/\">winorio<\/a><\/div>\n<div style=\"overflow:hidden;height:1px;\"><a href=\"https:\/\/winorio-gb.uk\/\">winorio casino<\/a><\/div>\n<div style=\"overflow:hidden;height:1px;\"><a href=\"https:\/\/playercounter.com\/virtual-entertainment-habits-after-dark\/\">los angeles escorts<\/a><\/div>\n<div style=\"overflow:hidden;height:1px;\"><a href=\"https:\/\/winorionederland.nl\/\">winorio casino<\/a><\/div>\n<div style=\"overflow:hidden;height:1px;\"><a href=\"https:\/\/www.harrypottertheexhibition.es\/\">https:\/\/stake-espana.com\/<\/a><\/div>\n<div style=\"overflow:hidden;height:1px;\"><a href=\"https:\/\/xikixi.co.uk\/\">winorio<\/a><\/div>\n<div style=\"overflow:hidden;height:1px;\"><a href=\"https:\/\/divadlonatahu.cz\/\">zahranicni casina online<\/a><\/div>\n<div style=\"overflow:hidden;height:1px;\"><a href=\"https:\/\/cazeuscasino-it-de.com\/it\/\">cazeus casino login<\/a><\/div>\n<div style=\"overflow:hidden;height:1px;\"><a href=\"https:\/\/africamnchcoalition.org\/\">jeetcity<\/a><\/div>\n<div style=\"overflow:hidden;height:1px;\"><a href=\"https:\/\/ladys.one\/it\/escort-cracow\">escort cracovia<\/a><\/div>\n<div style=\"overflow:hidden;height:1px;\"><a href=\"https:\/\/1xbetazerbaijan.online\/\">1xbet<\/a><\/div>\n<div style=\"overflow:hidden;height:1px;\"><a href=\"https:\/\/1xbetyukleaz.com\/\">1xbet giri\u015f<\/a><\/div>\n<div style=\"overflow:hidden;height:1px;\"><a href=\"https:\/\/azerbaijan-visa.com\/\">1xbet<\/a><\/div>\n<div style=\"overflow:hidden;height:1px;\"><a href=\"https:\/\/1xbet-site.co\/ru\/\">1xbet  \u043e\u0444\u0438\u0446\u0438\u0430\u043b\u044c\u043d\u044b\u0439 \u0441\u0430\u0439\u0442<\/a><\/div>\n<div style=\"overflow:hidden;height:1px;\"><a href=\"https:\/\/1xbet-onlinebk.net\/\">1xbet az<\/a><\/div>\n<div style=\"overflow:hidden;height:1px;\"><a href=\"https:\/\/xbett.org\/\">1xbet<\/a><\/div>\n<div style=\"overflow:hidden;height:1px;\"><a href=\"https:\/\/intimaties.net\/es\/category\/woman-used-underwear\/woman-used-panties\/woman-used-creamy-panties-es\/\">https:\/\/intimaties.net\/es\/category\/woman-used-underwear\/woman-used-panties\/woman-used-creamy-panties-es\/<\/a><\/div>\n<div style=\"overflow:hidden;height:1px;\"><a href=\"https:\/\/albanianescort.com\/sq\/shkoder\">eskorta shkoder<\/a><\/div>\n<div style=\"overflow:hidden;height:1px;\"><a href=\"https:\/\/hub420.shop\/\">thc juice<\/a><\/div>\n<div style=\"overflow:hidden;height:1px;\"><a href=\"https:\/\/highthc.shop\/\">where to buy thc<\/a><\/div>\n<div style=\"overflow:hidden;height:1px;\"><a href=\"https:\/\/wildsinogold.com\/\">wildsino greece<\/a><\/div>\n<div style=\"overflow:hidden;height:1px;\"><a href=\"https:\/\/wildsino-official.com\/el\/\">wildsino casino<\/a><\/div>\n<div style=\"overflow:hidden;height:1px;\"><a href=\"https:\/\/wildsino-app.com\/\">wildsino<\/a><\/div>\n<div style=\"overflow:hidden;height:1px;\"><a href=\"https:\/\/wildsino-italy.net\/\">wildsino casino online<\/a><\/div>\n<div style=\"overflow:hidden;height:1px;\"><a href=\"https:\/\/casinowildsino.com\/\">wildsino casino<\/a><\/div>\n<div style=\"overflow:hidden;height:1px;\"><a href=\"https:\/\/wildsino-france.com\/\">wildsino<\/a><\/div>\n<div style=\"overflow:hidden;height:1px;\"><a href=\"https:\/\/wildsinofrance.net\/\">wildsino<\/a><\/div>\n<div style=\"overflow:hidden;height:1px;\"><a href=\"https:\/\/trueluck-casinos.org\/en\/\">trueluck casino<\/a><\/div>\n<div style=\"overflow:hidden;height:1px;\"><a href=\"https:\/\/trueluckcasinonl.net\/\">trueluck casino<\/a><\/div>\n<div style=\"overflow:hidden;height:1px;\"><a href=\"https:\/\/trueluck-casinos.net\/\">true luck login<\/a><\/div>\n<div style=\"overflow:hidden;height:1px;\"><a href=\"https:\/\/postcodegarant.nl\/\">trueluck casino<\/a><\/div>\n<div style=\"overflow:hidden;height:1px;\"><a href=\"https:\/\/trueluckcasino-online.com\/nl\/\">trueluck<\/a><\/div>\n<div style=\"overflow:hidden;height:1px;\"><a href=\"https:\/\/trueluck-login.com\">trueluck casino<\/a><\/div>\n<div style=\"overflow:hidden;height:1px;\"><a href=\"https:\/\/rozetmakerspodium.nl\/\">true luck casino<\/a><\/div>\n<div style=\"overflow:hidden;height:1px;\"><a href=\"https:\/\/trueluckcasinonl.com\/\">trueluck casino<\/a><\/div>\n<div style=\"overflow:hidden;height:1px;\"><a href=\"https:\/\/hero-spin-ca.com\/fr\/\">herospin slots<\/a><\/div>\n<div style=\"overflow:hidden;height:1px;\"><a href=\"https:\/\/herospincasino.org\/\">herospin casino<\/a><\/div>\n<div style=\"overflow:hidden;height:1px;\"><a href=\"https:\/\/herospincasino-au.com\/it\/\">hero spin<\/a><\/div>\n<div style=\"overflow:hidden;height:1px;\"><a href=\"https:\/\/herospinpt.com\/\">herospin Portugal<\/a><\/div>\n<div style=\"overflow:hidden;height:1px;\"><a href=\"https:\/\/hero-spincasino.com\/\">herospin<\/a><\/div>\n<div style=\"overflow:hidden;height:1px;\"><a href=\"https:\/\/hero-spinca.com\/\">herospin<\/a><\/div>\n<div style=\"overflow:hidden;height:1px;\"><a href=\"https:\/\/herospin1-gr.com\/\">herospin Greece<\/a><\/div>\n<div style=\"overflow:hidden;height:1px;\"><a href=\"https:\/\/fcaeurasia.org\/\">1xbet indir<\/a><\/div>\n<div style=\"overflow:hidden;height:1px;\"><a href=\"https:\/\/www.ps3hax.net\/pt\/\">ps3hax.net<\/a><\/div>\n<div style=\"overflow:hidden;height:1px;\"><a href=\"https:\/\/armtab.org\/\">1\u0445\u0431\u0435\u0442<\/a><\/div>\n<div style=\"overflow:hidden;height:1px;\"><a href=\"https:\/\/lisboa2baku.com\/\">1xbet y\u00fckl\u0259<\/a><\/div>\n<div style=\"overflow:hidden;height:1px;\"><a href=\"https:\/\/www.dalogistica.com.br\">Nine casino<\/a><\/div>\n<div style=\"overflow:hidden;height:1px;\"><a href=\"https:\/\/cosmo-saga.com\/fr\/\">cosmosaga<\/a><\/div>\n<div style=\"overflow:hidden;height:1px;\"><a href=\"https:\/\/krasrocks.ru\/\">\u043c\u0435\u043b\u0431\u0435\u0442 \u0437\u0435\u0440\u043a\u0430\u043b\u043e<\/a><\/div>\n<div style=\"overflow:hidden;height:1px;\"><a href=\"https:\/\/reamntk.ru\/\">\u043c\u0435\u043b\u0431\u0435\u0442 \u043e\u0444\u0438\u0446\u0438\u0430\u043b\u044c\u043d\u044b\u0439 \u0441\u0430\u0439\u0442<\/a><\/div>\n<div style=\"overflow:hidden;height:1px;\"><a href=\"https:\/\/whynotstudio.ru\/\">\u043c\u0435\u043b\u0431\u0435\u0442<\/a><\/div>\n<div style=\"overflow:hidden;height:1px;\"><a href=\"https:\/\/stake-argentina.casino\/\">www.stake-argentina.casino<\/a><\/div>\n<div style=\"overflow:hidden;height:1px;\"><a href=\"https:\/\/herospin-casino.com\/fr\/\">hero spin<\/a><\/div>\n<div style=\"overflow:hidden;height:1px;\"><a href=\"https:\/\/herospin-italy.com\/\">herospin casino Italia<\/a><\/div>\n<div style=\"overflow:hidden;height:1px;\"><a href=\"https:\/\/herospin-portugal.com\/\">hero spin casino<\/a><\/div>\n<div style=\"overflow:hidden;height:1px;\"><a href=\"https:\/\/herospinaustralia.com\/\">herospin registration<\/a><\/div>\n<div style=\"overflow:hidden;height:1px;\"><a href=\"https:\/\/crowngreencanada.org\">Crown green casino<\/a><\/div>\n<div style=\"overflow:hidden;height:1px;\"><a href=\"https:\/\/crowngreen-app.com\">Crown green casino<\/a><\/div>\n<div style=\"overflow:hidden;height:1px;\"><a href=\"https:\/\/crowngreencasino-ca.com\">Crown green casino<\/a><\/div>\n<div style=\"overflow:hidden;height:1px;\"><a href=\"https:\/\/crowngreencanada.net\">CrownGreen Casino Canada<\/a><\/div>\n<div style=\"overflow:hidden;height:1px;\"><a href=\"https:\/\/crowngreen-casino.org\">CrownGreen Casino Canada<\/a><\/div>\n<div style=\"overflow:hidden;height:1px;\"><a href=\"https:\/\/crowngreencasino.net\">Crown green casino<\/a><\/div>\n<div style=\"overflow:hidden;height:1px;\"><a href=\"https:\/\/casino-crowngreen.org\">CrownGreen Casino Canada<\/a><\/div>\n<div style=\"overflow:hidden;height:1px;\"><a href=\"https:\/\/crowngreen-canada.com\">Crown green casino<\/a><\/div>\n","protected":false},"excerpt":{"rendered":"<p>Vous avez dit Propre ? Chez nous la propret\u00c3\u00a9 c\u00e2\u0080\u0099est un art Too Clean Nettoyage La R\u00e9f\u00e9rence dans Les Services de Nettoyage et D\u00e9barras Learn More About Futurio Lorem ipsum Lorem ipsum dolor sit amet, consectetuer adipiscing elit. In sem justo, commodo ut Lorem ipsum Lorem ipsum dolor sit amet, consectetuer adipiscing elit. In sem&hellip;<\/p>\n","protected":false},"author":18,"featured_media":0,"parent":0,"menu_order":0,"comment_status":"closed","ping_status":"closed","template":"","meta":{"footnotes":""},"class_list":["post-295","page","type-page","status-publish","hentry"],"_links":{"self":[{"href":"http:\/\/debarras.too-clean.fr\/index.php\/wp-json\/wp\/v2\/pages\/295","targetHints":{"allow":["GET"]}}],"collection":[{"href":"http:\/\/debarras.too-clean.fr\/index.php\/wp-json\/wp\/v2\/pages"}],"about":[{"href":"http:\/\/debarras.too-clean.fr\/index.php\/wp-json\/wp\/v2\/types\/page"}],"author":[{"embeddable":true,"href":"http:\/\/debarras.too-clean.fr\/index.php\/wp-json\/wp\/v2\/users\/18"}],"replies":[{"embeddable":true,"href":"http:\/\/debarras.too-clean.fr\/index.php\/wp-json\/wp\/v2\/comments?post=295"}],"version-history":[{"count":171,"href":"http:\/\/debarras.too-clean.fr\/index.php\/wp-json\/wp\/v2\/pages\/295\/revisions"}],"predecessor-version":[{"id":81589,"href":"http:\/\/debarras.too-clean.fr\/index.php\/wp-json\/wp\/v2\/pages\/295\/revisions\/81589"}],"wp:attachment":[{"href":"http:\/\/debarras.too-clean.fr\/index.php\/wp-json\/wp\/v2\/media?parent=295"}],"curies":[{"name":"wp","href":"https:\/\/api.w.org\/{rel}","templated":true}]}}